{"id":3239,"date":"2026-02-08T19:21:20","date_gmt":"2026-02-08T19:21:20","guid":{"rendered":"https:\/\/akademiapoznania.pl\/?post_type=product&#038;p=3239"},"modified":"2026-02-08T19:30:05","modified_gmt":"2026-02-08T19:30:05","slug":"psychology-of-crisis-and-intervention-in-children-and-adolescents-kopia-kopia-kopia-kopia-kopia-kopia-kopia-kopia-kopia-kopia-kopia-kopia-kopia-kopia-kopia-kopia-kopia-3","status":"publish","type":"product","link":"https:\/\/akademiapoznania.pl\/en\/produkt\/psychology-of-crisis-and-intervention-in-children-and-adolescents-kopia-kopia-kopia-kopia-kopia-kopia-kopia-kopia-kopia-kopia-kopia-kopia-kopia-kopia-kopia-kopia-kopia-3\/","title":{"rendered":"Psychology of crisis and intervention in children and adolescents (Kopia) (Kopia) (Kopia) (Kopia) (Kopia) (Kopia) (Kopia) (Kopia) (Kopia) (Kopia) (Kopia) (Kopia) (Kopia) (Kopia) (Kopia) (Kopia) (Kopia) (Kopia) (Kopia)"},"content":{"rendered":"<p>Test<\/p>\n","protected":false},"excerpt":{"rendered":"<p>Do you want to effectively support teenagers in a world full of challenges, such as hate, social media pressures, and feelings of loneliness?<\/p>\n","protected":false},"featured_media":3237,"template":"","meta":{"_acf_changed":false},"product_brand":[],"product_cat":[36],"product_tag":[],"class_list":{"0":"post-3239","1":"product","2":"type-product","3":"status-publish","4":"has-post-thumbnail","6":"product_cat-specialists","7":"pa_data-12-02-2005","8":"pa_lokalizacja-cracow","9":"pa_lokalizacja-poznan","10":"pa_lokalizacja-warsaw","12":"first","13":"instock","14":"virtual","15":"purchasable","16":"product-type-simple"},"acf":[],"yoast_head":"<!-- This site is optimized with the Yoast SEO plugin v26.8 - https:\/\/yoast.com\/product\/yoast-seo-wordpress\/ -->\n<title>Psychology of crisis and intervention in children and adolescents (Kopia) (Kopia) (Kopia) (Kopia) (Kopia) (Kopia) (Kopia) (Kopia) (Kopia) (Kopia) (Kopia) (Kopia) (Kopia) (Kopia) (Kopia) (Kopia) (Kopia) (Kopia) (Kopia) - Akademia Poznania<\/title>\n<meta name=\"robots\" content=\"index, follow, max-snippet:-1, max-image-preview:large, max-video-preview:-1\" \/>\n<link rel=\"canonical\" href=\"https:\/\/akademiapoznania.pl\/en\/produkt\/psychology-of-crisis-and-intervention-in-children-and-adolescents-kopia-kopia-kopia-kopia-kopia-kopia-kopia-kopia-kopia-kopia-kopia-kopia-kopia-kopia-kopia-kopia-kopia-3\/\" \/>\n<meta property=\"og:locale\" content=\"en_US\" \/>\n<meta property=\"og:type\" content=\"article\" \/>\n<meta property=\"og:title\" content=\"Psychology of crisis and intervention in children and adolescents (Kopia) (Kopia) (Kopia) (Kopia) (Kopia) (Kopia) (Kopia) (Kopia) (Kopia) (Kopia) (Kopia) (Kopia) (Kopia) (Kopia) (Kopia) (Kopia) (Kopia) (Kopia) (Kopia) - Akademia Poznania\" \/>\n<meta property=\"og:description\" content=\"Do you want to effectively support teenagers in a world full of challenges, such as hate, social media pressures, and feelings of loneliness?\" \/>\n<meta property=\"og:url\" content=\"https:\/\/akademiapoznania.pl\/en\/produkt\/psychology-of-crisis-and-intervention-in-children-and-adolescents-kopia-kopia-kopia-kopia-kopia-kopia-kopia-kopia-kopia-kopia-kopia-kopia-kopia-kopia-kopia-kopia-kopia-3\/\" \/>\n<meta property=\"og:site_name\" content=\"Akademia Poznania\" \/>\n<meta property=\"article:modified_time\" content=\"2026-02-08T19:30:05+00:00\" \/>\n<meta property=\"og:image\" content=\"https:\/\/akademiapoznania.pl\/wp-content\/uploads\/2025\/09\/sala-w-szkole.png\" \/>\n\t<meta property=\"og:image:width\" content=\"1440\" \/>\n\t<meta property=\"og:image:height\" content=\"725\" \/>\n\t<meta property=\"og:image:type\" content=\"image\/png\" \/>\n<meta name=\"twitter:card\" content=\"summary_large_image\" \/>\n<meta name=\"twitter:label1\" content=\"Est. reading time\" \/>\n\t<meta name=\"twitter:data1\" content=\"1 minute\" \/>\n<script type=\"application\/ld+json\" class=\"yoast-schema-graph\">{\"@context\":\"https:\/\/schema.org\",\"@graph\":[{\"@type\":\"WebPage\",\"@id\":\"https:\/\/akademiapoznania.pl\/en\/produkt\/psychology-of-crisis-and-intervention-in-children-and-adolescents-kopia-kopia-kopia-kopia-kopia-kopia-kopia-kopia-kopia-kopia-kopia-kopia-kopia-kopia-kopia-kopia-kopia-3\/\",\"url\":\"https:\/\/akademiapoznania.pl\/en\/produkt\/psychology-of-crisis-and-intervention-in-children-and-adolescents-kopia-kopia-kopia-kopia-kopia-kopia-kopia-kopia-kopia-kopia-kopia-kopia-kopia-kopia-kopia-kopia-kopia-3\/\",\"name\":\"Psychology of crisis and intervention in children and adolescents (Kopia) (Kopia) (Kopia) (Kopia) (Kopia) (Kopia) (Kopia) (Kopia) (Kopia) (Kopia) (Kopia) (Kopia) (Kopia) (Kopia) (Kopia) (Kopia) (Kopia) (Kopia) (Kopia) - Akademia Poznania\",\"isPartOf\":{\"@id\":\"https:\/\/akademiapoznania.pl\/en\/#website\"},\"primaryImageOfPage\":{\"@id\":\"https:\/\/akademiapoznania.pl\/en\/produkt\/psychology-of-crisis-and-intervention-in-children-and-adolescents-kopia-kopia-kopia-kopia-kopia-kopia-kopia-kopia-kopia-kopia-kopia-kopia-kopia-kopia-kopia-kopia-kopia-3\/#primaryimage\"},\"image\":{\"@id\":\"https:\/\/akademiapoznania.pl\/en\/produkt\/psychology-of-crisis-and-intervention-in-children-and-adolescents-kopia-kopia-kopia-kopia-kopia-kopia-kopia-kopia-kopia-kopia-kopia-kopia-kopia-kopia-kopia-kopia-kopia-3\/#primaryimage\"},\"thumbnailUrl\":\"https:\/\/akademiapoznania.pl\/wp-content\/uploads\/2026\/02\/vcmd03_6_people_in_an_office_sitting_on_chairs_in_a_circle_and__2a61bfff-17f5-4b2a-8077-042bc79e7992.avif\",\"datePublished\":\"2026-02-08T19:21:20+00:00\",\"dateModified\":\"2026-02-08T19:30:05+00:00\",\"breadcrumb\":{\"@id\":\"https:\/\/akademiapoznania.pl\/en\/produkt\/psychology-of-crisis-and-intervention-in-children-and-adolescents-kopia-kopia-kopia-kopia-kopia-kopia-kopia-kopia-kopia-kopia-kopia-kopia-kopia-kopia-kopia-kopia-kopia-3\/#breadcrumb\"},\"inLanguage\":\"en-US\",\"potentialAction\":[{\"@type\":\"ReadAction\",\"target\":[\"https:\/\/akademiapoznania.pl\/en\/produkt\/psychology-of-crisis-and-intervention-in-children-and-adolescents-kopia-kopia-kopia-kopia-kopia-kopia-kopia-kopia-kopia-kopia-kopia-kopia-kopia-kopia-kopia-kopia-kopia-3\/\"]}]},{\"@type\":\"ImageObject\",\"inLanguage\":\"en-US\",\"@id\":\"https:\/\/akademiapoznania.pl\/en\/produkt\/psychology-of-crisis-and-intervention-in-children-and-adolescents-kopia-kopia-kopia-kopia-kopia-kopia-kopia-kopia-kopia-kopia-kopia-kopia-kopia-kopia-kopia-kopia-kopia-3\/#primaryimage\",\"url\":\"https:\/\/akademiapoznania.pl\/wp-content\/uploads\/2026\/02\/vcmd03_6_people_in_an_office_sitting_on_chairs_in_a_circle_and__2a61bfff-17f5-4b2a-8077-042bc79e7992.avif\",\"contentUrl\":\"https:\/\/akademiapoznania.pl\/wp-content\/uploads\/2026\/02\/vcmd03_6_people_in_an_office_sitting_on_chairs_in_a_circle_and__2a61bfff-17f5-4b2a-8077-042bc79e7992.avif\",\"width\":1456,\"height\":816},{\"@type\":\"BreadcrumbList\",\"@id\":\"https:\/\/akademiapoznania.pl\/en\/produkt\/psychology-of-crisis-and-intervention-in-children-and-adolescents-kopia-kopia-kopia-kopia-kopia-kopia-kopia-kopia-kopia-kopia-kopia-kopia-kopia-kopia-kopia-kopia-kopia-3\/#breadcrumb\",\"itemListElement\":[{\"@type\":\"ListItem\",\"position\":1,\"name\":\"Home\",\"item\":\"https:\/\/akademiapoznania.pl\/en\/\"},{\"@type\":\"ListItem\",\"position\":2,\"name\":\"Shop\",\"item\":\"https:\/\/akademiapoznania.pl\/en\/shop\/\"},{\"@type\":\"ListItem\",\"position\":3,\"name\":\"Psychology of crisis and intervention in children and adolescents (Kopia) (Kopia) (Kopia) (Kopia) (Kopia) (Kopia) (Kopia) (Kopia) (Kopia) (Kopia) (Kopia) (Kopia) (Kopia) (Kopia) (Kopia) (Kopia) (Kopia) (Kopia) (Kopia)\"}]},{\"@type\":\"WebSite\",\"@id\":\"https:\/\/akademiapoznania.pl\/en\/#website\",\"url\":\"https:\/\/akademiapoznania.pl\/en\/\",\"name\":\"Akademia Poznania\",\"description\":\"Wyobra\u017a sobie: Freud, Skinner, Piaget, Rogers, D\u0105browski \u2013 wszyscy razem przy jednym stole, prowadz\u0105cy pasjonuj\u0105ce dyskusje. Taka r\u00f3\u017cnorodno\u015b\u0107 perspektyw czeka na Ciebie w Akademii Poznania.\",\"potentialAction\":[{\"@type\":\"SearchAction\",\"target\":{\"@type\":\"EntryPoint\",\"urlTemplate\":\"https:\/\/akademiapoznania.pl\/en\/?s={search_term_string}\"},\"query-input\":{\"@type\":\"PropertyValueSpecification\",\"valueRequired\":true,\"valueName\":\"search_term_string\"}}],\"inLanguage\":\"en-US\"}]}<\/script>\n<!-- \/ Yoast SEO plugin. -->","yoast_head_json":{"title":"Psychology of crisis and intervention in children and adolescents (Kopia) (Kopia) (Kopia) (Kopia) (Kopia) (Kopia) (Kopia) (Kopia) (Kopia) (Kopia) (Kopia) (Kopia) (Kopia) (Kopia) (Kopia) (Kopia) (Kopia) (Kopia) (Kopia) - Akademia Poznania","robots":{"index":"index","follow":"follow","max-snippet":"max-snippet:-1","max-image-preview":"max-image-preview:large","max-video-preview":"max-video-preview:-1"},"canonical":"https:\/\/akademiapoznania.pl\/en\/produkt\/psychology-of-crisis-and-intervention-in-children-and-adolescents-kopia-kopia-kopia-kopia-kopia-kopia-kopia-kopia-kopia-kopia-kopia-kopia-kopia-kopia-kopia-kopia-kopia-3\/","og_locale":"en_US","og_type":"article","og_title":"Psychology of crisis and intervention in children and adolescents (Kopia) (Kopia) (Kopia) (Kopia) (Kopia) (Kopia) (Kopia) (Kopia) (Kopia) (Kopia) (Kopia) (Kopia) (Kopia) (Kopia) (Kopia) (Kopia) (Kopia) (Kopia) (Kopia) - Akademia Poznania","og_description":"Do you want to effectively support teenagers in a world full of challenges, such as hate, social media pressures, and feelings of loneliness?","og_url":"https:\/\/akademiapoznania.pl\/en\/produkt\/psychology-of-crisis-and-intervention-in-children-and-adolescents-kopia-kopia-kopia-kopia-kopia-kopia-kopia-kopia-kopia-kopia-kopia-kopia-kopia-kopia-kopia-kopia-kopia-3\/","og_site_name":"Akademia Poznania","article_modified_time":"2026-02-08T19:30:05+00:00","og_image":[{"width":1440,"height":725,"url":"https:\/\/akademiapoznania.pl\/wp-content\/uploads\/2025\/09\/sala-w-szkole.png","type":"image\/png"}],"twitter_card":"summary_large_image","twitter_misc":{"Est. reading time":"1 minute"},"schema":{"@context":"https:\/\/schema.org","@graph":[{"@type":"WebPage","@id":"https:\/\/akademiapoznania.pl\/en\/produkt\/psychology-of-crisis-and-intervention-in-children-and-adolescents-kopia-kopia-kopia-kopia-kopia-kopia-kopia-kopia-kopia-kopia-kopia-kopia-kopia-kopia-kopia-kopia-kopia-3\/","url":"https:\/\/akademiapoznania.pl\/en\/produkt\/psychology-of-crisis-and-intervention-in-children-and-adolescents-kopia-kopia-kopia-kopia-kopia-kopia-kopia-kopia-kopia-kopia-kopia-kopia-kopia-kopia-kopia-kopia-kopia-3\/","name":"Psychology of crisis and intervention in children and adolescents (Kopia) (Kopia) (Kopia) (Kopia) (Kopia) (Kopia) (Kopia) (Kopia) (Kopia) (Kopia) (Kopia) (Kopia) (Kopia) (Kopia) (Kopia) (Kopia) (Kopia) (Kopia) (Kopia) - Akademia Poznania","isPartOf":{"@id":"https:\/\/akademiapoznania.pl\/en\/#website"},"primaryImageOfPage":{"@id":"https:\/\/akademiapoznania.pl\/en\/produkt\/psychology-of-crisis-and-intervention-in-children-and-adolescents-kopia-kopia-kopia-kopia-kopia-kopia-kopia-kopia-kopia-kopia-kopia-kopia-kopia-kopia-kopia-kopia-kopia-3\/#primaryimage"},"image":{"@id":"https:\/\/akademiapoznania.pl\/en\/produkt\/psychology-of-crisis-and-intervention-in-children-and-adolescents-kopia-kopia-kopia-kopia-kopia-kopia-kopia-kopia-kopia-kopia-kopia-kopia-kopia-kopia-kopia-kopia-kopia-3\/#primaryimage"},"thumbnailUrl":"https:\/\/akademiapoznania.pl\/wp-content\/uploads\/2026\/02\/vcmd03_6_people_in_an_office_sitting_on_chairs_in_a_circle_and__2a61bfff-17f5-4b2a-8077-042bc79e7992.avif","datePublished":"2026-02-08T19:21:20+00:00","dateModified":"2026-02-08T19:30:05+00:00","breadcrumb":{"@id":"https:\/\/akademiapoznania.pl\/en\/produkt\/psychology-of-crisis-and-intervention-in-children-and-adolescents-kopia-kopia-kopia-kopia-kopia-kopia-kopia-kopia-kopia-kopia-kopia-kopia-kopia-kopia-kopia-kopia-kopia-3\/#breadcrumb"},"inLanguage":"en-US","potentialAction":[{"@type":"ReadAction","target":["https:\/\/akademiapoznania.pl\/en\/produkt\/psychology-of-crisis-and-intervention-in-children-and-adolescents-kopia-kopia-kopia-kopia-kopia-kopia-kopia-kopia-kopia-kopia-kopia-kopia-kopia-kopia-kopia-kopia-kopia-3\/"]}]},{"@type":"ImageObject","inLanguage":"en-US","@id":"https:\/\/akademiapoznania.pl\/en\/produkt\/psychology-of-crisis-and-intervention-in-children-and-adolescents-kopia-kopia-kopia-kopia-kopia-kopia-kopia-kopia-kopia-kopia-kopia-kopia-kopia-kopia-kopia-kopia-kopia-3\/#primaryimage","url":"https:\/\/akademiapoznania.pl\/wp-content\/uploads\/2026\/02\/vcmd03_6_people_in_an_office_sitting_on_chairs_in_a_circle_and__2a61bfff-17f5-4b2a-8077-042bc79e7992.avif","contentUrl":"https:\/\/akademiapoznania.pl\/wp-content\/uploads\/2026\/02\/vcmd03_6_people_in_an_office_sitting_on_chairs_in_a_circle_and__2a61bfff-17f5-4b2a-8077-042bc79e7992.avif","width":1456,"height":816},{"@type":"BreadcrumbList","@id":"https:\/\/akademiapoznania.pl\/en\/produkt\/psychology-of-crisis-and-intervention-in-children-and-adolescents-kopia-kopia-kopia-kopia-kopia-kopia-kopia-kopia-kopia-kopia-kopia-kopia-kopia-kopia-kopia-kopia-kopia-3\/#breadcrumb","itemListElement":[{"@type":"ListItem","position":1,"name":"Home","item":"https:\/\/akademiapoznania.pl\/en\/"},{"@type":"ListItem","position":2,"name":"Shop","item":"https:\/\/akademiapoznania.pl\/en\/shop\/"},{"@type":"ListItem","position":3,"name":"Psychology of crisis and intervention in children and adolescents (Kopia) (Kopia) (Kopia) (Kopia) (Kopia) (Kopia) (Kopia) (Kopia) (Kopia) (Kopia) (Kopia) (Kopia) (Kopia) (Kopia) (Kopia) (Kopia) (Kopia) (Kopia) (Kopia)"}]},{"@type":"WebSite","@id":"https:\/\/akademiapoznania.pl\/en\/#website","url":"https:\/\/akademiapoznania.pl\/en\/","name":"Akademia Poznania","description":"Wyobra\u017a sobie: Freud, Skinner, Piaget, Rogers, D\u0105browski \u2013 wszyscy razem przy jednym stole, prowadz\u0105cy pasjonuj\u0105ce dyskusje. Taka r\u00f3\u017cnorodno\u015b\u0107 perspektyw czeka na Ciebie w Akademii Poznania.","potentialAction":[{"@type":"SearchAction","target":{"@type":"EntryPoint","urlTemplate":"https:\/\/akademiapoznania.pl\/en\/?s={search_term_string}"},"query-input":{"@type":"PropertyValueSpecification","valueRequired":true,"valueName":"search_term_string"}}],"inLanguage":"en-US"}]}},"_links":{"self":[{"href":"https:\/\/akademiapoznania.pl\/en\/wp-json\/wp\/v2\/product\/3239","targetHints":{"allow":["GET"]}}],"collection":[{"href":"https:\/\/akademiapoznania.pl\/en\/wp-json\/wp\/v2\/product"}],"about":[{"href":"https:\/\/akademiapoznania.pl\/en\/wp-json\/wp\/v2\/types\/product"}],"wp:featuredmedia":[{"embeddable":true,"href":"https:\/\/akademiapoznania.pl\/en\/wp-json\/wp\/v2\/media\/3237"}],"wp:attachment":[{"href":"https:\/\/akademiapoznania.pl\/en\/wp-json\/wp\/v2\/media?parent=3239"}],"wp:term":[{"taxonomy":"product_brand","embeddable":true,"href":"https:\/\/akademiapoznania.pl\/en\/wp-json\/wp\/v2\/product_brand?post=3239"},{"taxonomy":"product_cat","embeddable":true,"href":"https:\/\/akademiapoznania.pl\/en\/wp-json\/wp\/v2\/product_cat?post=3239"},{"taxonomy":"product_tag","embeddable":true,"href":"https:\/\/akademiapoznania.pl\/en\/wp-json\/wp\/v2\/product_tag?post=3239"}],"curies":[{"name":"wp","href":"https:\/\/api.w.org\/{rel}","templated":true}]}}