{"id":1989,"date":"2025-09-15T10:06:50","date_gmt":"2025-09-15T10:06:50","guid":{"rendered":"https:\/\/akademiapoznania.pl\/produkt\/psychologist-responsibilities-and-selected-legal-procedures-what-you-need-to-know-part-4\/"},"modified":"2025-09-15T10:14:28","modified_gmt":"2025-09-15T10:14:28","slug":"psychologist-responsibilities-and-selected-legal-procedures-what-you-need-to-know-part-4","status":"publish","type":"product","link":"https:\/\/akademiapoznania.pl\/en\/produkt\/psychologist-responsibilities-and-selected-legal-procedures-what-you-need-to-know-part-4\/","title":{"rendered":"Psychologist Responsibilities and Selected Legal Procedures. What You Need to Know. Part 4"},"content":{"rendered":"<p>Test<\/p>\n","protected":false},"excerpt":{"rendered":"<p>Our training is a unique opportunity to develop as a crisis coach or mentor and gain tools that will help your clients overcome crisis and find new opportunities for development.<\/p>\n","protected":false},"featured_media":3016,"template":"","meta":{"_acf_changed":false},"product_brand":[],"product_cat":[36],"product_tag":[],"class_list":{"0":"post-1989","1":"product","2":"type-product","3":"status-publish","4":"has-post-thumbnail","6":"product_cat-specialists","7":"pa_data-12-02-2005","8":"pa_lokalizacja-cracow","9":"pa_lokalizacja-poznan","10":"pa_lokalizacja-warsaw","12":"first","13":"instock","14":"virtual","15":"purchasable","16":"product-type-simple"},"acf":[],"yoast_head":"<!-- This site is optimized with the Yoast SEO plugin v26.8 - https:\/\/yoast.com\/product\/yoast-seo-wordpress\/ -->\n<title>Psychologist Responsibilities and Selected Legal Procedures. What You Need to Know. Part 4 - Akademia Poznania<\/title>\n<meta name=\"robots\" content=\"index, follow, max-snippet:-1, max-image-preview:large, max-video-preview:-1\" \/>\n<link rel=\"canonical\" href=\"https:\/\/akademiapoznania.pl\/en\/produkt\/psychologist-responsibilities-and-selected-legal-procedures-what-you-need-to-know-part-4\/\" \/>\n<meta property=\"og:locale\" content=\"en_US\" \/>\n<meta property=\"og:type\" content=\"article\" \/>\n<meta property=\"og:title\" content=\"Psychologist Responsibilities and Selected Legal Procedures. What You Need to Know. Part 4 - Akademia Poznania\" \/>\n<meta property=\"og:description\" content=\"Our training is a unique opportunity to develop as a crisis coach or mentor and gain tools that will help your clients overcome crisis and find new opportunities for development.\" \/>\n<meta property=\"og:url\" content=\"https:\/\/akademiapoznania.pl\/en\/produkt\/psychologist-responsibilities-and-selected-legal-procedures-what-you-need-to-know-part-4\/\" \/>\n<meta property=\"og:site_name\" content=\"Akademia Poznania\" \/>\n<meta property=\"article:modified_time\" content=\"2025-09-15T10:14:28+00:00\" \/>\n<meta property=\"og:image\" content=\"https:\/\/akademiapoznania.pl\/wp-content\/uploads\/2025\/09\/sala-w-szkole.png\" \/>\n\t<meta property=\"og:image:width\" content=\"1440\" \/>\n\t<meta property=\"og:image:height\" content=\"725\" \/>\n\t<meta property=\"og:image:type\" content=\"image\/png\" \/>\n<meta name=\"twitter:card\" content=\"summary_large_image\" \/>\n<meta name=\"twitter:label1\" content=\"Est. reading time\" \/>\n\t<meta name=\"twitter:data1\" content=\"1 minute\" \/>\n<script type=\"application\/ld+json\" class=\"yoast-schema-graph\">{\"@context\":\"https:\/\/schema.org\",\"@graph\":[{\"@type\":\"WebPage\",\"@id\":\"https:\/\/akademiapoznania.pl\/en\/produkt\/psychologist-responsibilities-and-selected-legal-procedures-what-you-need-to-know-part-4\/\",\"url\":\"https:\/\/akademiapoznania.pl\/en\/produkt\/psychologist-responsibilities-and-selected-legal-procedures-what-you-need-to-know-part-4\/\",\"name\":\"Psychologist Responsibilities and Selected Legal Procedures. What You Need to Know. Part 4 - Akademia Poznania\",\"isPartOf\":{\"@id\":\"https:\/\/akademiapoznania.pl\/en\/#website\"},\"primaryImageOfPage\":{\"@id\":\"https:\/\/akademiapoznania.pl\/en\/produkt\/psychologist-responsibilities-and-selected-legal-procedures-what-you-need-to-know-part-4\/#primaryimage\"},\"image\":{\"@id\":\"https:\/\/akademiapoznania.pl\/en\/produkt\/psychologist-responsibilities-and-selected-legal-procedures-what-you-need-to-know-part-4\/#primaryimage\"},\"thumbnailUrl\":\"https:\/\/akademiapoznania.pl\/wp-content\/uploads\/2025\/09\/jangw9384_A_close-up_of_a_balanced_scale_of_justice_with_a_lega_c24294c8-72a6-4bda-a044-2d850015eaad.avif\",\"datePublished\":\"2025-09-15T10:06:50+00:00\",\"dateModified\":\"2025-09-15T10:14:28+00:00\",\"breadcrumb\":{\"@id\":\"https:\/\/akademiapoznania.pl\/en\/produkt\/psychologist-responsibilities-and-selected-legal-procedures-what-you-need-to-know-part-4\/#breadcrumb\"},\"inLanguage\":\"en-US\",\"potentialAction\":[{\"@type\":\"ReadAction\",\"target\":[\"https:\/\/akademiapoznania.pl\/en\/produkt\/psychologist-responsibilities-and-selected-legal-procedures-what-you-need-to-know-part-4\/\"]}]},{\"@type\":\"ImageObject\",\"inLanguage\":\"en-US\",\"@id\":\"https:\/\/akademiapoznania.pl\/en\/produkt\/psychologist-responsibilities-and-selected-legal-procedures-what-you-need-to-know-part-4\/#primaryimage\",\"url\":\"https:\/\/akademiapoznania.pl\/wp-content\/uploads\/2025\/09\/jangw9384_A_close-up_of_a_balanced_scale_of_justice_with_a_lega_c24294c8-72a6-4bda-a044-2d850015eaad.avif\",\"contentUrl\":\"https:\/\/akademiapoznania.pl\/wp-content\/uploads\/2025\/09\/jangw9384_A_close-up_of_a_balanced_scale_of_justice_with_a_lega_c24294c8-72a6-4bda-a044-2d850015eaad.avif\",\"width\":1920,\"height\":1076},{\"@type\":\"BreadcrumbList\",\"@id\":\"https:\/\/akademiapoznania.pl\/en\/produkt\/psychologist-responsibilities-and-selected-legal-procedures-what-you-need-to-know-part-4\/#breadcrumb\",\"itemListElement\":[{\"@type\":\"ListItem\",\"position\":1,\"name\":\"Home\",\"item\":\"https:\/\/akademiapoznania.pl\/en\/\"},{\"@type\":\"ListItem\",\"position\":2,\"name\":\"Shop\",\"item\":\"https:\/\/akademiapoznania.pl\/en\/shop\/\"},{\"@type\":\"ListItem\",\"position\":3,\"name\":\"Psychologist Responsibilities and Selected Legal Procedures. What You Need to Know. Part 4\"}]},{\"@type\":\"WebSite\",\"@id\":\"https:\/\/akademiapoznania.pl\/en\/#website\",\"url\":\"https:\/\/akademiapoznania.pl\/en\/\",\"name\":\"Akademia Poznania\",\"description\":\"Wyobra\u017a sobie: Freud, Skinner, Piaget, Rogers, D\u0105browski \u2013 wszyscy razem przy jednym stole, prowadz\u0105cy pasjonuj\u0105ce dyskusje. Taka r\u00f3\u017cnorodno\u015b\u0107 perspektyw czeka na Ciebie w Akademii Poznania.\",\"potentialAction\":[{\"@type\":\"SearchAction\",\"target\":{\"@type\":\"EntryPoint\",\"urlTemplate\":\"https:\/\/akademiapoznania.pl\/en\/?s={search_term_string}\"},\"query-input\":{\"@type\":\"PropertyValueSpecification\",\"valueRequired\":true,\"valueName\":\"search_term_string\"}}],\"inLanguage\":\"en-US\"}]}<\/script>\n<!-- \/ Yoast SEO plugin. -->","yoast_head_json":{"title":"Psychologist Responsibilities and Selected Legal Procedures. What You Need to Know. Part 4 - Akademia Poznania","robots":{"index":"index","follow":"follow","max-snippet":"max-snippet:-1","max-image-preview":"max-image-preview:large","max-video-preview":"max-video-preview:-1"},"canonical":"https:\/\/akademiapoznania.pl\/en\/produkt\/psychologist-responsibilities-and-selected-legal-procedures-what-you-need-to-know-part-4\/","og_locale":"en_US","og_type":"article","og_title":"Psychologist Responsibilities and Selected Legal Procedures. What You Need to Know. Part 4 - Akademia Poznania","og_description":"Our training is a unique opportunity to develop as a crisis coach or mentor and gain tools that will help your clients overcome crisis and find new opportunities for development.","og_url":"https:\/\/akademiapoznania.pl\/en\/produkt\/psychologist-responsibilities-and-selected-legal-procedures-what-you-need-to-know-part-4\/","og_site_name":"Akademia Poznania","article_modified_time":"2025-09-15T10:14:28+00:00","og_image":[{"width":1440,"height":725,"url":"https:\/\/akademiapoznania.pl\/wp-content\/uploads\/2025\/09\/sala-w-szkole.png","type":"image\/png"}],"twitter_card":"summary_large_image","twitter_misc":{"Est. reading time":"1 minute"},"schema":{"@context":"https:\/\/schema.org","@graph":[{"@type":"WebPage","@id":"https:\/\/akademiapoznania.pl\/en\/produkt\/psychologist-responsibilities-and-selected-legal-procedures-what-you-need-to-know-part-4\/","url":"https:\/\/akademiapoznania.pl\/en\/produkt\/psychologist-responsibilities-and-selected-legal-procedures-what-you-need-to-know-part-4\/","name":"Psychologist Responsibilities and Selected Legal Procedures. What You Need to Know. Part 4 - Akademia Poznania","isPartOf":{"@id":"https:\/\/akademiapoznania.pl\/en\/#website"},"primaryImageOfPage":{"@id":"https:\/\/akademiapoznania.pl\/en\/produkt\/psychologist-responsibilities-and-selected-legal-procedures-what-you-need-to-know-part-4\/#primaryimage"},"image":{"@id":"https:\/\/akademiapoznania.pl\/en\/produkt\/psychologist-responsibilities-and-selected-legal-procedures-what-you-need-to-know-part-4\/#primaryimage"},"thumbnailUrl":"https:\/\/akademiapoznania.pl\/wp-content\/uploads\/2025\/09\/jangw9384_A_close-up_of_a_balanced_scale_of_justice_with_a_lega_c24294c8-72a6-4bda-a044-2d850015eaad.avif","datePublished":"2025-09-15T10:06:50+00:00","dateModified":"2025-09-15T10:14:28+00:00","breadcrumb":{"@id":"https:\/\/akademiapoznania.pl\/en\/produkt\/psychologist-responsibilities-and-selected-legal-procedures-what-you-need-to-know-part-4\/#breadcrumb"},"inLanguage":"en-US","potentialAction":[{"@type":"ReadAction","target":["https:\/\/akademiapoznania.pl\/en\/produkt\/psychologist-responsibilities-and-selected-legal-procedures-what-you-need-to-know-part-4\/"]}]},{"@type":"ImageObject","inLanguage":"en-US","@id":"https:\/\/akademiapoznania.pl\/en\/produkt\/psychologist-responsibilities-and-selected-legal-procedures-what-you-need-to-know-part-4\/#primaryimage","url":"https:\/\/akademiapoznania.pl\/wp-content\/uploads\/2025\/09\/jangw9384_A_close-up_of_a_balanced_scale_of_justice_with_a_lega_c24294c8-72a6-4bda-a044-2d850015eaad.avif","contentUrl":"https:\/\/akademiapoznania.pl\/wp-content\/uploads\/2025\/09\/jangw9384_A_close-up_of_a_balanced_scale_of_justice_with_a_lega_c24294c8-72a6-4bda-a044-2d850015eaad.avif","width":1920,"height":1076},{"@type":"BreadcrumbList","@id":"https:\/\/akademiapoznania.pl\/en\/produkt\/psychologist-responsibilities-and-selected-legal-procedures-what-you-need-to-know-part-4\/#breadcrumb","itemListElement":[{"@type":"ListItem","position":1,"name":"Home","item":"https:\/\/akademiapoznania.pl\/en\/"},{"@type":"ListItem","position":2,"name":"Shop","item":"https:\/\/akademiapoznania.pl\/en\/shop\/"},{"@type":"ListItem","position":3,"name":"Psychologist Responsibilities and Selected Legal Procedures. What You Need to Know. Part 4"}]},{"@type":"WebSite","@id":"https:\/\/akademiapoznania.pl\/en\/#website","url":"https:\/\/akademiapoznania.pl\/en\/","name":"Akademia Poznania","description":"Wyobra\u017a sobie: Freud, Skinner, Piaget, Rogers, D\u0105browski \u2013 wszyscy razem przy jednym stole, prowadz\u0105cy pasjonuj\u0105ce dyskusje. Taka r\u00f3\u017cnorodno\u015b\u0107 perspektyw czeka na Ciebie w Akademii Poznania.","potentialAction":[{"@type":"SearchAction","target":{"@type":"EntryPoint","urlTemplate":"https:\/\/akademiapoznania.pl\/en\/?s={search_term_string}"},"query-input":{"@type":"PropertyValueSpecification","valueRequired":true,"valueName":"search_term_string"}}],"inLanguage":"en-US"}]}},"_links":{"self":[{"href":"https:\/\/akademiapoznania.pl\/en\/wp-json\/wp\/v2\/product\/1989","targetHints":{"allow":["GET"]}}],"collection":[{"href":"https:\/\/akademiapoznania.pl\/en\/wp-json\/wp\/v2\/product"}],"about":[{"href":"https:\/\/akademiapoznania.pl\/en\/wp-json\/wp\/v2\/types\/product"}],"wp:featuredmedia":[{"embeddable":true,"href":"https:\/\/akademiapoznania.pl\/en\/wp-json\/wp\/v2\/media\/3016"}],"wp:attachment":[{"href":"https:\/\/akademiapoznania.pl\/en\/wp-json\/wp\/v2\/media?parent=1989"}],"wp:term":[{"taxonomy":"product_brand","embeddable":true,"href":"https:\/\/akademiapoznania.pl\/en\/wp-json\/wp\/v2\/product_brand?post=1989"},{"taxonomy":"product_cat","embeddable":true,"href":"https:\/\/akademiapoznania.pl\/en\/wp-json\/wp\/v2\/product_cat?post=1989"},{"taxonomy":"product_tag","embeddable":true,"href":"https:\/\/akademiapoznania.pl\/en\/wp-json\/wp\/v2\/product_tag?post=1989"}],"curies":[{"name":"wp","href":"https:\/\/api.w.org\/{rel}","templated":true}]}}