{"id":3343,"date":"2026-03-02T19:31:58","date_gmt":"2026-03-02T19:31:58","guid":{"rendered":"https:\/\/akademiapoznania.pl\/?page_id=3343"},"modified":"2026-03-02T19:31:58","modified_gmt":"2026-03-02T19:31:58","slug":"contact-2","status":"publish","type":"page","link":"https:\/\/akademiapoznania.pl\/en\/contact-2\/","title":{"rendered":"Contact"},"content":{"rendered":"","protected":false},"excerpt":{"rendered":"","protected":false},"author":29,"featured_media":0,"parent":0,"menu_order":0,"comment_status":"closed","ping_status":"closed","template":"","meta":{"_acf_changed":false,"footnotes":""},"class_list":["post-3343","page","type-page","status-publish","hentry"],"acf":[],"yoast_head":"<!-- This site is optimized with the Yoast SEO plugin v26.8 - https:\/\/yoast.com\/product\/yoast-seo-wordpress\/ -->\n<title>Contact - Akademia Poznania<\/title>\n<meta name=\"robots\" content=\"index, follow, max-snippet:-1, max-image-preview:large, max-video-preview:-1\" \/>\n<link rel=\"canonical\" href=\"https:\/\/akademiapoznania.pl\/en\/contact-2\/\" \/>\n<meta property=\"og:locale\" content=\"en_US\" \/>\n<meta property=\"og:type\" content=\"article\" \/>\n<meta property=\"og:title\" content=\"Contact - Akademia Poznania\" \/>\n<meta property=\"og:url\" content=\"https:\/\/akademiapoznania.pl\/en\/contact-2\/\" \/>\n<meta property=\"og:site_name\" content=\"Akademia Poznania\" \/>\n<meta property=\"og:image\" content=\"https:\/\/akademiapoznania.pl\/wp-content\/uploads\/2025\/09\/sala-w-szkole.png\" \/>\n\t<meta property=\"og:image:width\" content=\"1440\" \/>\n\t<meta property=\"og:image:height\" content=\"725\" \/>\n\t<meta property=\"og:image:type\" content=\"image\/png\" \/>\n<meta name=\"twitter:card\" content=\"summary_large_image\" \/>\n<script type=\"application\/ld+json\" class=\"yoast-schema-graph\">{\"@context\":\"https:\/\/schema.org\",\"@graph\":[{\"@type\":\"WebPage\",\"@id\":\"https:\/\/akademiapoznania.pl\/en\/contact-2\/\",\"url\":\"https:\/\/akademiapoznania.pl\/en\/contact-2\/\",\"name\":\"Contact - Akademia Poznania\",\"isPartOf\":{\"@id\":\"https:\/\/akademiapoznania.pl\/en\/#website\"},\"datePublished\":\"2026-03-02T19:31:58+00:00\",\"breadcrumb\":{\"@id\":\"https:\/\/akademiapoznania.pl\/en\/contact-2\/#breadcrumb\"},\"inLanguage\":\"en-US\",\"potentialAction\":[{\"@type\":\"ReadAction\",\"target\":[\"https:\/\/akademiapoznania.pl\/en\/contact-2\/\"]}]},{\"@type\":\"BreadcrumbList\",\"@id\":\"https:\/\/akademiapoznania.pl\/en\/contact-2\/#breadcrumb\",\"itemListElement\":[{\"@type\":\"ListItem\",\"position\":1,\"name\":\"Home\",\"item\":\"https:\/\/akademiapoznania.pl\/en\/\"},{\"@type\":\"ListItem\",\"position\":2,\"name\":\"Contact\"}]},{\"@type\":\"WebSite\",\"@id\":\"https:\/\/akademiapoznania.pl\/en\/#website\",\"url\":\"https:\/\/akademiapoznania.pl\/en\/\",\"name\":\"Akademia Poznania\",\"description\":\"Wyobra\u017a sobie: Freud, Skinner, Piaget, Rogers, D\u0105browski \u2013 wszyscy razem przy jednym stole, prowadz\u0105cy pasjonuj\u0105ce dyskusje. Taka r\u00f3\u017cnorodno\u015b\u0107 perspektyw czeka na Ciebie w Akademii Poznania.\",\"potentialAction\":[{\"@type\":\"SearchAction\",\"target\":{\"@type\":\"EntryPoint\",\"urlTemplate\":\"https:\/\/akademiapoznania.pl\/en\/?s={search_term_string}\"},\"query-input\":{\"@type\":\"PropertyValueSpecification\",\"valueRequired\":true,\"valueName\":\"search_term_string\"}}],\"inLanguage\":\"en-US\"}]}<\/script>\n<!-- \/ Yoast SEO plugin. -->","yoast_head_json":{"title":"Contact - Akademia Poznania","robots":{"index":"index","follow":"follow","max-snippet":"max-snippet:-1","max-image-preview":"max-image-preview:large","max-video-preview":"max-video-preview:-1"},"canonical":"https:\/\/akademiapoznania.pl\/en\/contact-2\/","og_locale":"en_US","og_type":"article","og_title":"Contact - Akademia Poznania","og_url":"https:\/\/akademiapoznania.pl\/en\/contact-2\/","og_site_name":"Akademia Poznania","og_image":[{"width":1440,"height":725,"url":"https:\/\/akademiapoznania.pl\/wp-content\/uploads\/2025\/09\/sala-w-szkole.png","type":"image\/png"}],"twitter_card":"summary_large_image","schema":{"@context":"https:\/\/schema.org","@graph":[{"@type":"WebPage","@id":"https:\/\/akademiapoznania.pl\/en\/contact-2\/","url":"https:\/\/akademiapoznania.pl\/en\/contact-2\/","name":"Contact - Akademia Poznania","isPartOf":{"@id":"https:\/\/akademiapoznania.pl\/en\/#website"},"datePublished":"2026-03-02T19:31:58+00:00","breadcrumb":{"@id":"https:\/\/akademiapoznania.pl\/en\/contact-2\/#breadcrumb"},"inLanguage":"en-US","potentialAction":[{"@type":"ReadAction","target":["https:\/\/akademiapoznania.pl\/en\/contact-2\/"]}]},{"@type":"BreadcrumbList","@id":"https:\/\/akademiapoznania.pl\/en\/contact-2\/#breadcrumb","itemListElement":[{"@type":"ListItem","position":1,"name":"Home","item":"https:\/\/akademiapoznania.pl\/en\/"},{"@type":"ListItem","position":2,"name":"Contact"}]},{"@type":"WebSite","@id":"https:\/\/akademiapoznania.pl\/en\/#website","url":"https:\/\/akademiapoznania.pl\/en\/","name":"Akademia Poznania","description":"Wyobra\u017a sobie: Freud, Skinner, Piaget, Rogers, D\u0105browski \u2013 wszyscy razem przy jednym stole, prowadz\u0105cy pasjonuj\u0105ce dyskusje. Taka r\u00f3\u017cnorodno\u015b\u0107 perspektyw czeka na Ciebie w Akademii Poznania.","potentialAction":[{"@type":"SearchAction","target":{"@type":"EntryPoint","urlTemplate":"https:\/\/akademiapoznania.pl\/en\/?s={search_term_string}"},"query-input":{"@type":"PropertyValueSpecification","valueRequired":true,"valueName":"search_term_string"}}],"inLanguage":"en-US"}]}},"_links":{"self":[{"href":"https:\/\/akademiapoznania.pl\/en\/wp-json\/wp\/v2\/pages\/3343","targetHints":{"allow":["GET"]}}],"collection":[{"href":"https:\/\/akademiapoznania.pl\/en\/wp-json\/wp\/v2\/pages"}],"about":[{"href":"https:\/\/akademiapoznania.pl\/en\/wp-json\/wp\/v2\/types\/page"}],"author":[{"embeddable":true,"href":"https:\/\/akademiapoznania.pl\/en\/wp-json\/wp\/v2\/users\/29"}],"replies":[{"embeddable":true,"href":"https:\/\/akademiapoznania.pl\/en\/wp-json\/wp\/v2\/comments?post=3343"}],"version-history":[{"count":1,"href":"https:\/\/akademiapoznania.pl\/en\/wp-json\/wp\/v2\/pages\/3343\/revisions"}],"predecessor-version":[{"id":3346,"href":"https:\/\/akademiapoznania.pl\/en\/wp-json\/wp\/v2\/pages\/3343\/revisions\/3346"}],"wp:attachment":[{"href":"https:\/\/akademiapoznania.pl\/en\/wp-json\/wp\/v2\/media?parent=3343"}],"curies":[{"name":"wp","href":"https:\/\/api.w.org\/{rel}","templated":true}]}}